{"id":575,"date":"2021-02-20T13:59:24","date_gmt":"2021-02-20T13:59:24","guid":{"rendered":"https:\/\/tanulikkus.ee\/about\/"},"modified":"2025-12-27T14:44:29","modified_gmt":"2025-12-27T11:44:29","slug":"meist","status":"publish","type":"page","link":"https:\/\/www.tanulikkus.ee\/et\/meist\/","title":{"rendered":"Meist"},"content":{"rendered":"<div data-elementor-type=\"wp-page\" data-elementor-id=\"575\" class=\"elementor elementor-575\">\n\t\t\t\t\t\t<section class=\"elementor-section elementor-top-section elementor-element elementor-element-deb60dc elementor-section-full_width elementor-section-height-default elementor-section-height-default\" data-id=\"deb60dc\" data-element_type=\"section\" data-e-type=\"section\" data-settings=\"{&quot;background_background&quot;:&quot;slideshow&quot;,&quot;background_slideshow_gallery&quot;:[],&quot;background_slideshow_slide_duration&quot;:5000,&quot;background_slideshow_slide_transition&quot;:&quot;fade&quot;,&quot;background_slideshow_transition_duration&quot;:500}\">\n\t\t\t\t\t\t\t<div class=\"elementor-background-overlay\"><\/div>\n\t\t\t\t\t\t\t<div class=\"elementor-container elementor-column-gap-default\">\n\t\t\t\t\t<div class=\"elementor-column elementor-col-100 elementor-top-column elementor-element elementor-element-6539715\" data-id=\"6539715\" data-element_type=\"column\" data-e-type=\"column\" data-settings=\"{&quot;background_background&quot;:&quot;slideshow&quot;,&quot;background_slideshow_slide_duration&quot;:9915,&quot;background_slideshow_slide_transition&quot;:&quot;slide_right&quot;,&quot;background_slideshow_gallery&quot;:[],&quot;background_slideshow_transition_duration&quot;:500}\">\n\t\t\t<div class=\"elementor-widget-wrap elementor-element-populated\">\n\t\t\t\t\t\t<div class=\"elementor-element elementor-element-77c3e5f e-transform elementor-widget elementor-widget-text-editor\" data-id=\"77c3e5f\" data-element_type=\"widget\" data-e-type=\"widget\" data-settings=\"{&quot;_transform_translateX_effect&quot;:{&quot;unit&quot;:&quot;px&quot;,&quot;size&quot;:0,&quot;sizes&quot;:[]},&quot;_transform_translateY_effect&quot;:{&quot;unit&quot;:&quot;px&quot;,&quot;size&quot;:100,&quot;sizes&quot;:[]},&quot;_transform_translateX_effect_tablet&quot;:{&quot;unit&quot;:&quot;px&quot;,&quot;size&quot;:&quot;&quot;,&quot;sizes&quot;:[]},&quot;_transform_translateX_effect_mobile&quot;:{&quot;unit&quot;:&quot;px&quot;,&quot;size&quot;:&quot;&quot;,&quot;sizes&quot;:[]},&quot;_transform_translateY_effect_tablet&quot;:{&quot;unit&quot;:&quot;px&quot;,&quot;size&quot;:&quot;&quot;,&quot;sizes&quot;:[]},&quot;_transform_translateY_effect_mobile&quot;:{&quot;unit&quot;:&quot;px&quot;,&quot;size&quot;:&quot;&quot;,&quot;sizes&quot;:[]}}\" data-widget_type=\"text-editor.default\">\n\t\t\t\t<div class=\"elementor-widget-container\">\n\t\t\t\t\t\t\t\t\t<p data-start=\"212\" data-end=\"566\">Me oleme kaks \u00f5de, kaksikutena l\u00e4bi elu k\u00e4inud, alati veidi teistmoodi. Isegi siis, kui magasime puukuuris lumi teki peal, teadsime, et on olemas parem homne. See usk on meid kandnud juba v\u00e4iksest peale. Me oleme teinud asju teisiti, ennek\u00f5ike teistmoodi kui meie \u00f5ed ja vennad, teistmoodi kui inimesed meie \u00fcmber, kes p\u00fc\u00fcdsid alati \u201clihtsamalt\u201d, aga said raskemalt.<\/p><p data-start=\"568\" data-end=\"871\">Aastate jooksul n\u00e4gime pidevalt negatiivsust, s\u00fc\u00fcdistamist ja t\u00e4nutunde puudumist. Seda, kuidas inimesed ei oska hinnata v\u00e4ikeseid asju ja seep\u00e4rast j\u00e4\u00e4vad ka suuremad v\u00f5imalused tulemata. Me m\u00f5istsime, et kui Sa ei ole valmis lahti laskma, vastutust v\u00f5tma ja tegutsema, ei juhtu Su elus just palju uut ja paremat.<\/p><p data-start=\"873\" data-end=\"1206\">Meie \u00e4ratundmine sai alguse siis, kui Riina suhe viis tagasi lapsep\u00f5lve valukohtade juurde. Korraks tundus tema jaoks elu\u00a0 lootusetu. Aga v\u00f5ttes endale \u00fclesandeks m\u00f5elda iga p\u00e4ev,\u00a0 \u00fche asja v\u00f5rra rohkem, mille eest t\u00e4nulik olla, hakkas elu taas v\u00e4rviliseks muutuma. See oli hetk, mil tuli taipamine, kui v\u00f5imas on T\u00e4nutunne ja kui s\u00fcgavalt see muudab meie vaatenurka elule.<\/p><p data-start=\"1208\" data-end=\"1508\">See oli alles algus. Me valisime teadlikult <strong data-start=\"1252\" data-end=\"1269\">t\u00e4nutunde tee<\/strong>, aga m\u00f5istsime peagi, et selle k\u00f5rval peab kaasnema ka <strong data-start=\"1325\" data-end=\"1345\">isiklik vastutus<\/strong>. M\u00e4rka seda, mis on juba h\u00e4sti, v\u00f5ta vastutus selle eest ja muuda seda, mis on valesti. See valem on meid kandnud edasi ja avanud ukse suuremate v\u00f5imaluste juurde.<\/p><p data-start=\"1510\" data-end=\"1826\">Esimesed m\u00e4rgid, et oleme \u00f5igel teel, tulid v\u00e4ikestest hetkest: vastus kirjale keset \u00f6\u00f6d, juhuslik kohtumine, kellelt saime kohe abi v\u00f5i v\u00f5imaluse salvestada. K\u00f5ik need hetked kinnitasid, et &#8220;k\u00f5rgem j\u00f5ud&#8221; juhatab meid edasi. Ja see kinnitus on \u00f5petanud meid usaldama oma otsuseid, isegi kui need tunduvad hirmutavad.<\/p><p data-start=\"1828\" data-end=\"2148\">Me ei tee oma teekonnal kompromisse. Me ei paku kiirteid ega lihtsaid lahendusi. Muutus ei tule juhuslikult. Ta tuleb otsusest, tegutsemisest ja t\u00f6\u00f6st iseendaga. Ilma selleta ei s\u00fcnni t\u00f5elist kasvamist. Ja see, mida me teeme, p\u00f5hineb koost\u00f6\u00f6l, aususel ja julgusel seista enda eest, ka siis, kui teised seda ei m\u00f5ista.<\/p><p data-start=\"2150\" data-end=\"2387\">T\u00e4na oleme t\u00e4iesti tavalised inimesed: oma hirmude, murede ja kiiksudega. Ja sellest hoolimata on saanud v\u00f5imalikuks see, mida me teistele pakume. Tehes \u00f5pime, parandame ja loome selgema struktuuri. Koost\u00f6\u00f6s s\u00fcnnib palju ilusaid asju.<\/p><p data-start=\"2389\" data-end=\"2601\">Seega, kui Sa seisad t\u00e4na teelahkmel,\u00a0 tahame Sulle \u00f6elda, et <strong data-start=\"2443\" data-end=\"2599\">k\u00f5ik on v\u00f5imalik, kui Sa usud endasse, v\u00f5tad juhipositsiooni enda k\u00e4tte ja asud tegutsema. Muutus algab otsusest. Ja l\u00e4bi t\u00e4nutunde tuleb see kergusega.<\/strong><\/p>\t\t\t\t\t\t\t\t<\/div>\n\t\t\t\t<\/div>\n\t\t\t\t\t<\/div>\n\t\t<\/div>\n\t\t\t\t\t<\/div>\n\t\t<\/section>\n\t\t\t\t<\/div>","protected":false},"excerpt":{"rendered":"<p>Me oleme kaks \u00f5de, kaksikutena l\u00e4bi elu k\u00e4inud, alati veidi teistmoodi. Isegi siis, kui magasime puukuuris lumi teki peal, teadsime, et on olemas parem homne. See usk on meid kandnud juba v\u00e4iksest peale. Me oleme teinud asju teisiti, ennek\u00f5ike teistmoodi kui meie \u00f5ed ja vennad, teistmoodi kui inimesed meie \u00fcmber, [&hellip;]<\/p>\n","protected":false},"author":1,"featured_media":0,"parent":0,"menu_order":0,"comment_status":"closed","ping_status":"closed","template":"","meta":{"om_disable_all_campaigns":false,"_monsterinsights_skip_tracking":false,"_monsterinsights_sitenote_active":false,"_monsterinsights_sitenote_note":"","_monsterinsights_sitenote_category":0,"_uf_show_specific_survey":0,"_uf_disable_surveys":false,"footnotes":""},"class_list":["post-575","page","type-page","status-publish","hentry"],"yoast_head":"<!-- This site is optimized with the Yoast SEO plugin v27.3 - https:\/\/yoast.com\/product\/yoast-seo-wordpress\/ -->\n<title>Meist - T\u00e4nulikkus<\/title>\n<meta name=\"robots\" content=\"index, follow, max-snippet:-1, max-image-preview:large, max-video-preview:-1\" \/>\n<link rel=\"canonical\" href=\"https:\/\/tanulikkus.ee\/meist\/\" \/>\n<meta property=\"og:locale\" content=\"et_EE\" \/>\n<meta property=\"og:type\" content=\"article\" \/>\n<meta property=\"og:title\" content=\"Meist - T\u00e4nulikkus\" \/>\n<meta property=\"og:description\" content=\"Me oleme kaks \u00f5de, kaksikutena l\u00e4bi elu k\u00e4inud, alati veidi teistmoodi. Isegi siis, kui magasime puukuuris lumi teki peal, teadsime, et on olemas parem homne. See usk on meid kandnud juba v\u00e4iksest peale. Me oleme teinud asju teisiti, ennek\u00f5ike teistmoodi kui meie \u00f5ed ja vennad, teistmoodi kui inimesed meie \u00fcmber, [&hellip;]\" \/>\n<meta property=\"og:url\" content=\"https:\/\/tanulikkus.ee\/meist\/\" \/>\n<meta property=\"og:site_name\" content=\"T\u00e4nulikkus\" \/>\n<meta property=\"article:modified_time\" content=\"2025-12-27T11:44:29+00:00\" \/>\n<meta name=\"twitter:card\" content=\"summary_large_image\" \/>\n<meta name=\"twitter:label1\" content=\"Est. reading time\" \/>\n\t<meta name=\"twitter:data1\" content=\"3 minutit\" \/>\n<script type=\"application\/ld+json\" class=\"yoast-schema-graph\">{\"@context\":\"https:\\\/\\\/schema.org\",\"@graph\":[{\"@type\":\"WebPage\",\"@id\":\"https:\\\/\\\/tanulikkus.ee\\\/meist\\\/\",\"url\":\"https:\\\/\\\/tanulikkus.ee\\\/meist\\\/\",\"name\":\"Meist - T\u00e4nulikkus\",\"isPartOf\":{\"@id\":\"https:\\\/\\\/tanulikkus.ee\\\/#website\"},\"datePublished\":\"2021-02-20T13:59:24+00:00\",\"dateModified\":\"2025-12-27T11:44:29+00:00\",\"breadcrumb\":{\"@id\":\"https:\\\/\\\/tanulikkus.ee\\\/meist\\\/#breadcrumb\"},\"inLanguage\":\"et\",\"potentialAction\":[{\"@type\":\"ReadAction\",\"target\":[\"https:\\\/\\\/tanulikkus.ee\\\/meist\\\/\"]}]},{\"@type\":\"BreadcrumbList\",\"@id\":\"https:\\\/\\\/tanulikkus.ee\\\/meist\\\/#breadcrumb\",\"itemListElement\":[{\"@type\":\"ListItem\",\"position\":1,\"name\":\"Kodu\",\"item\":\"https:\\\/\\\/tanulikkus.ee\\\/\"},{\"@type\":\"ListItem\",\"position\":2,\"name\":\"Meist\"}]},{\"@type\":\"WebSite\",\"@id\":\"https:\\\/\\\/tanulikkus.ee\\\/#website\",\"url\":\"https:\\\/\\\/tanulikkus.ee\\\/\",\"name\":\"T\u00e4nulikkus\",\"description\":\"T\u00e4nulikkus.ee\\\/t\u00e4nulikkusepodcast\",\"potentialAction\":[{\"@type\":\"SearchAction\",\"target\":{\"@type\":\"EntryPoint\",\"urlTemplate\":\"https:\\\/\\\/tanulikkus.ee\\\/?s={search_term_string}\"},\"query-input\":{\"@type\":\"PropertyValueSpecification\",\"valueRequired\":true,\"valueName\":\"search_term_string\"}}],\"inLanguage\":\"et\"}]}<\/script>\n<!-- \/ Yoast SEO plugin. -->","yoast_head_json":{"title":"Meist - T\u00e4nulikkus","robots":{"index":"index","follow":"follow","max-snippet":"max-snippet:-1","max-image-preview":"max-image-preview:large","max-video-preview":"max-video-preview:-1"},"canonical":"https:\/\/tanulikkus.ee\/meist\/","og_locale":"et_EE","og_type":"article","og_title":"Meist - T\u00e4nulikkus","og_description":"Me oleme kaks \u00f5de, kaksikutena l\u00e4bi elu k\u00e4inud, alati veidi teistmoodi. Isegi siis, kui magasime puukuuris lumi teki peal, teadsime, et on olemas parem homne. See usk on meid kandnud juba v\u00e4iksest peale. Me oleme teinud asju teisiti, ennek\u00f5ike teistmoodi kui meie \u00f5ed ja vennad, teistmoodi kui inimesed meie \u00fcmber, [&hellip;]","og_url":"https:\/\/tanulikkus.ee\/meist\/","og_site_name":"T\u00e4nulikkus","article_modified_time":"2025-12-27T11:44:29+00:00","twitter_card":"summary_large_image","twitter_misc":{"Est. reading time":"3 minutit"},"schema":{"@context":"https:\/\/schema.org","@graph":[{"@type":"WebPage","@id":"https:\/\/tanulikkus.ee\/meist\/","url":"https:\/\/tanulikkus.ee\/meist\/","name":"Meist - T\u00e4nulikkus","isPartOf":{"@id":"https:\/\/tanulikkus.ee\/#website"},"datePublished":"2021-02-20T13:59:24+00:00","dateModified":"2025-12-27T11:44:29+00:00","breadcrumb":{"@id":"https:\/\/tanulikkus.ee\/meist\/#breadcrumb"},"inLanguage":"et","potentialAction":[{"@type":"ReadAction","target":["https:\/\/tanulikkus.ee\/meist\/"]}]},{"@type":"BreadcrumbList","@id":"https:\/\/tanulikkus.ee\/meist\/#breadcrumb","itemListElement":[{"@type":"ListItem","position":1,"name":"Kodu","item":"https:\/\/tanulikkus.ee\/"},{"@type":"ListItem","position":2,"name":"Meist"}]},{"@type":"WebSite","@id":"https:\/\/tanulikkus.ee\/#website","url":"https:\/\/tanulikkus.ee\/","name":"T\u00e4nulikkus","description":"T\u00e4nulikkus.ee\/t\u00e4nulikkusepodcast","potentialAction":[{"@type":"SearchAction","target":{"@type":"EntryPoint","urlTemplate":"https:\/\/tanulikkus.ee\/?s={search_term_string}"},"query-input":{"@type":"PropertyValueSpecification","valueRequired":true,"valueName":"search_term_string"}}],"inLanguage":"et"}]}},"_links":{"self":[{"href":"https:\/\/www.tanulikkus.ee\/et\/wp-json\/wp\/v2\/pages\/575","targetHints":{"allow":["GET"]}}],"collection":[{"href":"https:\/\/www.tanulikkus.ee\/et\/wp-json\/wp\/v2\/pages"}],"about":[{"href":"https:\/\/www.tanulikkus.ee\/et\/wp-json\/wp\/v2\/types\/page"}],"author":[{"embeddable":true,"href":"https:\/\/www.tanulikkus.ee\/et\/wp-json\/wp\/v2\/users\/1"}],"replies":[{"embeddable":true,"href":"https:\/\/www.tanulikkus.ee\/et\/wp-json\/wp\/v2\/comments?post=575"}],"version-history":[{"count":5,"href":"https:\/\/www.tanulikkus.ee\/et\/wp-json\/wp\/v2\/pages\/575\/revisions"}],"predecessor-version":[{"id":26359,"href":"https:\/\/www.tanulikkus.ee\/et\/wp-json\/wp\/v2\/pages\/575\/revisions\/26359"}],"wp:attachment":[{"href":"https:\/\/www.tanulikkus.ee\/et\/wp-json\/wp\/v2\/media?parent=575"}],"curies":[{"name":"wp","href":"https:\/\/api.w.org\/{rel}","templated":true}]}}