{"id":26137,"date":"2025-09-30T20:51:46","date_gmt":"2025-09-30T17:51:46","guid":{"rendered":"https:\/\/tanulikkus.ee\/?page_id=26137"},"modified":"2025-09-30T20:56:20","modified_gmt":"2025-09-30T17:56:20","slug":"toeta","status":"publish","type":"page","link":"https:\/\/www.tanulikkus.ee\/et\/toeta\/","title":{"rendered":"TOETA"},"content":{"rendered":"<h4 data-start=\"295\" data-end=\"464\" style=\"text-align: center;\">Toeta meie tegemisi!<\/h4>\n<p data-start=\"295\" data-end=\"464\" style=\"text-align: left;\">\ud83c\udf99\ufe0f T\u00e4nulikkuse Podcast s\u00fcnnib suure kire ja s\u00fcdamega. Meie jaoks on see rohkem kui vestlused. See on v\u00f5imalus tuua Su ellu rohkem selgust, inspiratsiooni ja soojust.<\/p>\n<p data-start=\"466\" data-end=\"709\">Kui tunned, et meie lood ja arutelud on Sind puudutanud v\u00f5i Sind toetanud, siis on Sul v\u00f5imalus anda oma panus. Iga v\u00e4ikegi tugi aitab meil j\u00e4tkata uute episoodide loomist, kutsuda p\u00f5nevaid k\u00fclalisi ja jagada t\u00e4nulikkuse j\u00f5udu aina laiemalt.<\/p>\n<p data-start=\"711\" data-end=\"740\">\ud83d\udc9c <strong data-start=\"714\" data-end=\"738\">Kuidas saad meie tegevust toetada?<\/strong><\/p>\n<ul data-start=\"741\" data-end=\"1080\">\n<li data-start=\"741\" data-end=\"787\">\n<p data-start=\"743\" data-end=\"787\">Jaga meie podcasti s\u00f5prade ja l\u00e4hedastega.<\/p>\n<\/li>\n<li data-start=\"788\" data-end=\"873\">\n<p data-start=\"790\" data-end=\"873\">J\u00e4ta kuulatud episoodidele tagasisidet ja hinnang Spotify\u2019s.<\/p>\n<\/li>\n<li>Soeta tooteid meie e-poest, nii saad endale midagi kaunist ja toetad samal ajal ka podcasti j\u00e4tkumist.<\/li>\n<li data-start=\"874\" data-end=\"972\">\n<p data-start=\"876\" data-end=\"972\">Toeta meid otse \u00fclekandega:<br data-start=\"903\" data-end=\"906\" \/><span style=\"color: #3366ff;\"><strong data-start=\"908\" data-end=\"927\">Ettev\u00f5tte nimi:<\/strong><\/span> Kapitalivood O\u00fc<br data-start=\"949\" data-end=\"952\" \/><span style=\"color: #3366ff;\"><strong data-start=\"954\" data-end=\"964\">Konto:<\/strong><\/span> <span>EE427700771001782850<\/span><\/p>\n<\/li>\n<\/ul>\n<p data-start=\"1082\" data-end=\"1162\"><strong>Iga \u201eAit\u00e4h!\u201c\u00a0 t\u00e4hendab meile v\u00e4ga palju. Koos loome maailma, kus t\u00e4nulikkus puudutab rohkem s\u00fcdameid. <span class=\"x1xsqp64 xiy17q3 x1o6pynw x19co3pv xdj266r xjn30re xat24cr x1hb08if x2b8uid\" data-testid=\"emoji\"><span class=\"xexx8yu xcaqkgz x18d9i69 xbwkkl7 x3jgonx x1bhl96m\">\ud83d\udc96<\/span><\/span><\/strong><\/p>\n<p>&nbsp;<\/p>\n<div id=\"attachment_24687\" style=\"width: 310px\" class=\"wp-caption aligncenter\"><img fetchpriority=\"high\" decoding=\"async\" aria-describedby=\"caption-attachment-24687\" src=\"https:\/\/tanulikkus.ee\/wp-content\/uploads\/2023\/05\/Logo-valge-300x212.jpg\" alt=\"tanulikkus.ee\" width=\"300\" height=\"212\" class=\"size-medium wp-image-24687\" srcset=\"https:\/\/tanulikkus.ee\/wp-content\/uploads\/2023\/05\/Logo-valge-300x212.jpg 300w, https:\/\/tanulikkus.ee\/wp-content\/uploads\/2023\/05\/Logo-valge-600x424.jpg 600w, https:\/\/tanulikkus.ee\/wp-content\/uploads\/2023\/05\/Logo-valge-1024x724.jpg 1024w, https:\/\/tanulikkus.ee\/wp-content\/uploads\/2023\/05\/Logo-valge-768x543.jpg 768w, https:\/\/tanulikkus.ee\/wp-content\/uploads\/2023\/05\/Logo-valge-1536x1086.jpg 1536w, https:\/\/tanulikkus.ee\/wp-content\/uploads\/2023\/05\/Logo-valge.jpg 1755w\" sizes=\"(max-width: 300px) 100vw, 300px\" \/><p id=\"caption-attachment-24687\" class=\"wp-caption-text\">tundilikkus.ee<\/p><\/div>\n<p data-start=\"1082\" data-end=\"1162\"><strong><span class=\"x1xsqp64 xiy17q3 x1o6pynw x19co3pv xdj266r xjn30re xat24cr x1hb08if x2b8uid\" data-testid=\"emoji\"><span class=\"xexx8yu xcaqkgz x18d9i69 xbwkkl7 x3jgonx x1bhl96m\">\u00a0<\/span><\/span><\/strong><\/p>","protected":false},"excerpt":{"rendered":"<p>Toeta meie tegemisi! \ud83c\udf99\ufe0f T\u00e4nulikkuse Podcast s\u00fcnnib suure kire ja s\u00fcdamega. Meie jaoks on see rohkem kui vestlused. See on v\u00f5imalus tuua Su ellu rohkem selgust, inspiratsiooni ja soojust. Kui tunned, et meie lood ja arutelud on Sind puudutanud v\u00f5i Sind toetanud, siis on Sul v\u00f5imalus anda oma panus. Iga [&hellip;]<\/p>\n","protected":false},"author":1,"featured_media":0,"parent":0,"menu_order":0,"comment_status":"closed","ping_status":"closed","template":"","meta":{"om_disable_all_campaigns":false,"_monsterinsights_skip_tracking":false,"_monsterinsights_sitenote_active":false,"_monsterinsights_sitenote_note":"","_monsterinsights_sitenote_category":0,"_uf_show_specific_survey":0,"_uf_disable_surveys":false,"footnotes":""},"class_list":["post-26137","page","type-page","status-publish","hentry"],"yoast_head":"<!-- This site is optimized with the Yoast SEO plugin v27.3 - https:\/\/yoast.com\/product\/yoast-seo-wordpress\/ -->\n<title>TOETA - T\u00e4nulikkus<\/title>\n<meta name=\"description\" content=\"Toeta meid. Kui tunned, et meie lood ja arutelud on Sind puudutanud v\u00f5i Sind toetanud, siis on Sul v\u00f5imalus anda oma panus.\" \/>\n<meta name=\"robots\" content=\"index, follow, max-snippet:-1, max-image-preview:large, max-video-preview:-1\" \/>\n<link rel=\"canonical\" href=\"https:\/\/www.tanulikkus.ee\/et\/toeta\/\" \/>\n<meta property=\"og:locale\" content=\"et_EE\" \/>\n<meta property=\"og:type\" content=\"article\" \/>\n<meta property=\"og:title\" content=\"TOETA - T\u00e4nulikkus\" \/>\n<meta property=\"og:description\" content=\"Toeta meid. Kui tunned, et meie lood ja arutelud on Sind puudutanud v\u00f5i Sind toetanud, siis on Sul v\u00f5imalus anda oma panus.\" \/>\n<meta property=\"og:url\" content=\"https:\/\/www.tanulikkus.ee\/et\/toeta\/\" \/>\n<meta property=\"og:site_name\" content=\"T\u00e4nulikkus\" \/>\n<meta property=\"article:modified_time\" content=\"2025-09-30T17:56:20+00:00\" \/>\n<meta property=\"og:image\" content=\"https:\/\/tanulikkus.ee\/wp-content\/uploads\/2023\/05\/Logo-valge-300x212.jpg\" \/>\n<meta name=\"twitter:card\" content=\"summary_large_image\" \/>\n<meta name=\"twitter:label1\" content=\"Est. reading time\" \/>\n\t<meta name=\"twitter:data1\" content=\"1 minut\" \/>\n<script type=\"application\/ld+json\" class=\"yoast-schema-graph\">{\"@context\":\"https:\\\/\\\/schema.org\",\"@graph\":[{\"@type\":\"WebPage\",\"@id\":\"https:\\\/\\\/www.tanulikkus.ee\\\/toeta\\\/\",\"url\":\"https:\\\/\\\/www.tanulikkus.ee\\\/toeta\\\/\",\"name\":\"TOETA - T\u00e4nulikkus\",\"isPartOf\":{\"@id\":\"https:\\\/\\\/tanulikkus.ee\\\/#website\"},\"primaryImageOfPage\":{\"@id\":\"https:\\\/\\\/www.tanulikkus.ee\\\/toeta\\\/#primaryimage\"},\"image\":{\"@id\":\"https:\\\/\\\/www.tanulikkus.ee\\\/toeta\\\/#primaryimage\"},\"thumbnailUrl\":\"https:\\\/\\\/tanulikkus.ee\\\/wp-content\\\/uploads\\\/2023\\\/05\\\/Logo-valge-300x212.jpg\",\"datePublished\":\"2025-09-30T17:51:46+00:00\",\"dateModified\":\"2025-09-30T17:56:20+00:00\",\"description\":\"Toeta meid. Kui tunned, et meie lood ja arutelud on Sind puudutanud v\u00f5i Sind toetanud, siis on Sul v\u00f5imalus anda oma panus.\",\"breadcrumb\":{\"@id\":\"https:\\\/\\\/www.tanulikkus.ee\\\/toeta\\\/#breadcrumb\"},\"inLanguage\":\"et\",\"potentialAction\":[{\"@type\":\"ReadAction\",\"target\":[\"https:\\\/\\\/www.tanulikkus.ee\\\/toeta\\\/\"]}]},{\"@type\":\"ImageObject\",\"inLanguage\":\"et\",\"@id\":\"https:\\\/\\\/www.tanulikkus.ee\\\/toeta\\\/#primaryimage\",\"url\":\"https:\\\/\\\/tanulikkus.ee\\\/wp-content\\\/uploads\\\/2023\\\/05\\\/Logo-valge-300x212.jpg\",\"contentUrl\":\"https:\\\/\\\/tanulikkus.ee\\\/wp-content\\\/uploads\\\/2023\\\/05\\\/Logo-valge-300x212.jpg\"},{\"@type\":\"BreadcrumbList\",\"@id\":\"https:\\\/\\\/www.tanulikkus.ee\\\/toeta\\\/#breadcrumb\",\"itemListElement\":[{\"@type\":\"ListItem\",\"position\":1,\"name\":\"Kodu\",\"item\":\"https:\\\/\\\/tanulikkus.ee\\\/\"},{\"@type\":\"ListItem\",\"position\":2,\"name\":\"TOETA\"}]},{\"@type\":\"WebSite\",\"@id\":\"https:\\\/\\\/tanulikkus.ee\\\/#website\",\"url\":\"https:\\\/\\\/tanulikkus.ee\\\/\",\"name\":\"T\u00e4nulikkus\",\"description\":\"T\u00e4nulikkus.ee\\\/t\u00e4nulikkusepodcast\",\"potentialAction\":[{\"@type\":\"SearchAction\",\"target\":{\"@type\":\"EntryPoint\",\"urlTemplate\":\"https:\\\/\\\/tanulikkus.ee\\\/?s={search_term_string}\"},\"query-input\":{\"@type\":\"PropertyValueSpecification\",\"valueRequired\":true,\"valueName\":\"search_term_string\"}}],\"inLanguage\":\"et\"}]}<\/script>\n<!-- \/ Yoast SEO plugin. -->","yoast_head_json":{"title":"TOETA - T\u00e4nulikkus","description":"Toeta meid. Kui tunned, et meie lood ja arutelud on Sind puudutanud v\u00f5i Sind toetanud, siis on Sul v\u00f5imalus anda oma panus.","robots":{"index":"index","follow":"follow","max-snippet":"max-snippet:-1","max-image-preview":"max-image-preview:large","max-video-preview":"max-video-preview:-1"},"canonical":"https:\/\/www.tanulikkus.ee\/et\/toeta\/","og_locale":"et_EE","og_type":"article","og_title":"TOETA - T\u00e4nulikkus","og_description":"Toeta meid. Kui tunned, et meie lood ja arutelud on Sind puudutanud v\u00f5i Sind toetanud, siis on Sul v\u00f5imalus anda oma panus.","og_url":"https:\/\/www.tanulikkus.ee\/et\/toeta\/","og_site_name":"T\u00e4nulikkus","article_modified_time":"2025-09-30T17:56:20+00:00","og_image":[{"url":"https:\/\/tanulikkus.ee\/wp-content\/uploads\/2023\/05\/Logo-valge-300x212.jpg","type":"","width":"","height":""}],"twitter_card":"summary_large_image","twitter_misc":{"Est. reading time":"1 minut"},"schema":{"@context":"https:\/\/schema.org","@graph":[{"@type":"WebPage","@id":"https:\/\/www.tanulikkus.ee\/toeta\/","url":"https:\/\/www.tanulikkus.ee\/toeta\/","name":"TOETA - T\u00e4nulikkus","isPartOf":{"@id":"https:\/\/tanulikkus.ee\/#website"},"primaryImageOfPage":{"@id":"https:\/\/www.tanulikkus.ee\/toeta\/#primaryimage"},"image":{"@id":"https:\/\/www.tanulikkus.ee\/toeta\/#primaryimage"},"thumbnailUrl":"https:\/\/tanulikkus.ee\/wp-content\/uploads\/2023\/05\/Logo-valge-300x212.jpg","datePublished":"2025-09-30T17:51:46+00:00","dateModified":"2025-09-30T17:56:20+00:00","description":"Toeta meid. Kui tunned, et meie lood ja arutelud on Sind puudutanud v\u00f5i Sind toetanud, siis on Sul v\u00f5imalus anda oma panus.","breadcrumb":{"@id":"https:\/\/www.tanulikkus.ee\/toeta\/#breadcrumb"},"inLanguage":"et","potentialAction":[{"@type":"ReadAction","target":["https:\/\/www.tanulikkus.ee\/toeta\/"]}]},{"@type":"ImageObject","inLanguage":"et","@id":"https:\/\/www.tanulikkus.ee\/toeta\/#primaryimage","url":"https:\/\/tanulikkus.ee\/wp-content\/uploads\/2023\/05\/Logo-valge-300x212.jpg","contentUrl":"https:\/\/tanulikkus.ee\/wp-content\/uploads\/2023\/05\/Logo-valge-300x212.jpg"},{"@type":"BreadcrumbList","@id":"https:\/\/www.tanulikkus.ee\/toeta\/#breadcrumb","itemListElement":[{"@type":"ListItem","position":1,"name":"Kodu","item":"https:\/\/tanulikkus.ee\/"},{"@type":"ListItem","position":2,"name":"TOETA"}]},{"@type":"WebSite","@id":"https:\/\/tanulikkus.ee\/#website","url":"https:\/\/tanulikkus.ee\/","name":"T\u00e4nulikkus","description":"T\u00e4nulikkus.ee\/t\u00e4nulikkusepodcast","potentialAction":[{"@type":"SearchAction","target":{"@type":"EntryPoint","urlTemplate":"https:\/\/tanulikkus.ee\/?s={search_term_string}"},"query-input":{"@type":"PropertyValueSpecification","valueRequired":true,"valueName":"search_term_string"}}],"inLanguage":"et"}]}},"_links":{"self":[{"href":"https:\/\/www.tanulikkus.ee\/et\/wp-json\/wp\/v2\/pages\/26137","targetHints":{"allow":["GET"]}}],"collection":[{"href":"https:\/\/www.tanulikkus.ee\/et\/wp-json\/wp\/v2\/pages"}],"about":[{"href":"https:\/\/www.tanulikkus.ee\/et\/wp-json\/wp\/v2\/types\/page"}],"author":[{"embeddable":true,"href":"https:\/\/www.tanulikkus.ee\/et\/wp-json\/wp\/v2\/users\/1"}],"replies":[{"embeddable":true,"href":"https:\/\/www.tanulikkus.ee\/et\/wp-json\/wp\/v2\/comments?post=26137"}],"version-history":[{"count":5,"href":"https:\/\/www.tanulikkus.ee\/et\/wp-json\/wp\/v2\/pages\/26137\/revisions"}],"predecessor-version":[{"id":26144,"href":"https:\/\/www.tanulikkus.ee\/et\/wp-json\/wp\/v2\/pages\/26137\/revisions\/26144"}],"wp:attachment":[{"href":"https:\/\/www.tanulikkus.ee\/et\/wp-json\/wp\/v2\/media?parent=26137"}],"curies":[{"name":"wp","href":"https:\/\/api.w.org\/{rel}","templated":true}]}}