{"id":25875,"date":"2025-05-10T13:55:49","date_gmt":"2025-05-10T13:55:49","guid":{"rendered":"https:\/\/tanulikkus.ee\/ostukorv\/"},"modified":"2025-06-22T18:38:12","modified_gmt":"2025-06-22T18:38:12","slug":"ostukorv","status":"publish","type":"page","link":"https:\/\/www.tanulikkus.ee\/et\/ostukorv\/","title":{"rendered":"Ostukorv"},"content":{"rendered":"<div data-block-name=\"woocommerce\/cart\" class=\"wp-block-woocommerce-cart alignwide is-loading\">\n<div data-block-name=\"woocommerce\/filled-cart-block\" class=\"wp-block-woocommerce-filled-cart-block\">\n<div data-block-name=\"woocommerce\/cart-items-block\" class=\"wp-block-woocommerce-cart-items-block\">\n<div data-block-name=\"woocommerce\/cart-line-items-block\" class=\"wp-block-woocommerce-cart-line-items-block\"><\/div>\n\n\n\n<div data-block-name=\"woocommerce\/cart-cross-sells-block\" class=\"wp-block-woocommerce-cart-cross-sells-block\">\n<h2 class=\"wp-block-heading has-large-font-size\">Sa v\u00f5id olla huvitatud ka\u2026<\/h2>\n\n\n\n<div data-block-name=\"woocommerce\/cart-cross-sells-products-block\" class=\"wp-block-woocommerce-cart-cross-sells-products-block\"><\/div>\n<\/div>\n<\/div>\n\n\n\n<div data-block-name=\"woocommerce\/cart-totals-block\" class=\"wp-block-woocommerce-cart-totals-block\">\n<div data-block-name=\"woocommerce\/cart-order-summary-block\" class=\"wp-block-woocommerce-cart-order-summary-block\">\n<div data-block-name=\"woocommerce\/cart-order-summary-heading-block\" data-content=\"Ostukorvi summad\" class=\"wp-block-woocommerce-cart-order-summary-heading-block\"><\/div>\n\n\n\n<div data-block-name=\"woocommerce\/cart-order-summary-coupon-form-block\" data-metadata=\"{&quot;name&quot;:&quot;Lisa kupong&quot;}\" class=\"wp-block-woocommerce-cart-order-summary-coupon-form-block\"><\/div>\n\n\n\n<div data-block-name=\"woocommerce\/cart-order-summary-totals-block\" class=\"wp-block-woocommerce-cart-order-summary-totals-block\">\n<div data-block-name=\"woocommerce\/cart-order-summary-subtotal-block\" class=\"wp-block-woocommerce-cart-order-summary-subtotal-block\"><\/div>\n\n\n\n<div data-block-name=\"woocommerce\/cart-order-summary-fee-block\" class=\"wp-block-woocommerce-cart-order-summary-fee-block\"><\/div>\n\n\n\n<div data-block-name=\"woocommerce\/cart-order-summary-discount-block\" class=\"wp-block-woocommerce-cart-order-summary-discount-block\"><\/div>\n\n\n\n<div data-block-name=\"woocommerce\/cart-order-summary-shipping-block\" class=\"wp-block-woocommerce-cart-order-summary-shipping-block\"><\/div>\n\n\n\n<div data-block-name=\"woocommerce\/cart-order-summary-taxes-block\" class=\"wp-block-woocommerce-cart-order-summary-taxes-block\"><\/div>\n<\/div>\n<\/div>\n\n\n\n<div data-block-name=\"woocommerce\/cart-express-payment-block\" class=\"wp-block-woocommerce-cart-express-payment-block\"><\/div>\n\n\n\n<div data-block-name=\"woocommerce\/proceed-to-checkout-block\" class=\"wp-block-woocommerce-proceed-to-checkout-block\"><\/div>\n\n\n\n<div data-block-name=\"woocommerce\/cart-accepted-payment-methods-block\" class=\"wp-block-woocommerce-cart-accepted-payment-methods-block\"><\/div>\n<\/div>\n<\/div>\n\n\n\n<div data-block-name=\"woocommerce\/empty-cart-block\" class=\"wp-block-woocommerce-empty-cart-block\">\n<h2 class=\"wp-block-heading has-text-align-center with-empty-cart-icon wc-block-cart__empty-cart__title\">Su ostukorv on hetkega t\u00fchi!<\/h2>\n\n\n\n<hr class=\"wp-block-separator has-alpha-channel-opacity is-style-dots\"\/>\n\n\n\n<h2 class=\"wp-block-heading has-text-align-center\">Uus poes<\/h2>\n\n\n<div data-block-name=\"woocommerce\/product-new\" data-columns=\"4\" data-rows=\"1\" class=\"wc-block-grid wp-block-product-new wp-block-woocommerce-product-new wc-block-product-new has-4-columns\"><ul class=\"wc-block-grid__products\"><li class=\"wc-block-grid__product\">\n\t\t\t\t<a href=\"https:\/\/www.tanulikkus.ee\/et\/toode\/koolitus-tanutundest-tegudeni\/\" class=\"wc-block-grid__product-link\">\n\t\t\t\t\t\n\t\t\t\t\t<div class=\"wc-block-grid__product-image\"><img fetchpriority=\"high\" decoding=\"async\" width=\"230\" height=\"350\" src=\"https:\/\/www.tanulikkus.ee\/wp-content\/uploads\/2026\/04\/Fooniks-230x350.png\" class=\"attachment-woocommerce_thumbnail size-woocommerce_thumbnail\" alt=\"&quot;T\u00e4nutundest tegudeni&quot; koolitus\" \/><\/div>\n\t\t\t\t\t<div class=\"wc-block-grid__product-title\">&#8220;T\u00e4nutundest tegudeni&#8221; koolitus<\/div>\n\t\t\t\t<\/a>\n\t\t\t\t<div class=\"wc-block-grid__product-price price\"><span class=\"woocommerce-Price-amount amount\">149,00&nbsp;<span class=\"woocommerce-Price-currencySymbol\">\u20ac<\/span><\/span><\/div>\n\t\t\t\t\n\t\t\t\t<div class=\"wp-block-button wc-block-grid__product-add-to-cart\"><a href=\"\/et\/wp-json\/wp\/v2\/pages\/25875?add-to-cart=26515\" aria-label=\"Lisa ostukorvi: \u201c&quot;T\u00e4nutundest tegudeni&quot; koolitus\u201d\" data-quantity=\"1\" data-product_id=\"26515\" data-product_sku=\"124\" data-price=\"149\" rel=\"nofollow\" class=\"wp-block-button__link  add_to_cart_button ajax_add_to_cart\" data-no-translation=\"\" data-trp-gettext=\"\" data-no-translation-aria-label=\"\">Lisa korvi<\/a><\/div>\n\t\t\t<\/li><li class=\"wc-block-grid__product\">\n\t\t\t\t<a href=\"https:\/\/www.tanulikkus.ee\/et\/toode\/tanulikkuse-aabits\/\" class=\"wc-block-grid__product-link\">\n\t\t\t\t\t\n\t\t\t\t\t<div class=\"wc-block-grid__product-image\"><img decoding=\"async\" width=\"230\" height=\"350\" src=\"https:\/\/www.tanulikkus.ee\/wp-content\/uploads\/2025\/11\/Tanulikkuse_aabits-230x350.jpg\" class=\"attachment-woocommerce_thumbnail size-woocommerce_thumbnail\" alt=\"T\u00e4nulikkuse Aabits\" srcset=\"https:\/\/www.tanulikkus.ee\/wp-content\/uploads\/2025\/11\/Tanulikkuse_aabits-230x350.jpg 230w, https:\/\/www.tanulikkus.ee\/wp-content\/uploads\/2025\/11\/Tanulikkuse_aabits-8x12.jpg 8w\" sizes=\"(max-width: 230px) 100vw, 230px\" \/><\/div>\n\t\t\t\t\t<div class=\"wc-block-grid__product-title\">T\u00e4nulikkuse Aabits<\/div>\n\t\t\t\t<\/a>\n\t\t\t\t<div class=\"wc-block-grid__product-price price\"><span class=\"woocommerce-Price-amount amount\">24,90&nbsp;<span class=\"woocommerce-Price-currencySymbol\">\u20ac<\/span><\/span><\/div>\n\t\t\t\t<div class=\"wc-block-grid__product-rating\"><div class=\"star-rating\" role=\"img\" aria-label=\"Hinnanguga 5.00 \/ 5\" data-no-translation-aria-label=\"\"><span style=\"width:100%\" data-no-translation=\"\" data-trp-gettext=\"\">Hinnatud <strong class=\"rating\">5.00<\/strong>\/5 <span class=\"rating\">2<\/span> kliendi hinnangu p\u00f5hjal<\/span><\/div><\/div>\n\t\t\t\t<div class=\"wp-block-button wc-block-grid__product-add-to-cart\"><a href=\"\/et\/wp-json\/wp\/v2\/pages\/25875?add-to-cart=26228\" aria-label=\"Lisa ostukorvi: \u201cT\u00e4nulikkuse Aabits\u201d\" data-quantity=\"1\" data-product_id=\"26228\" data-product_sku=\"\" data-price=\"24.9\" rel=\"nofollow\" class=\"wp-block-button__link  add_to_cart_button ajax_add_to_cart\" data-no-translation=\"\" data-trp-gettext=\"\" data-no-translation-aria-label=\"\">Lisa korvi<\/a><\/div>\n\t\t\t<\/li><li class=\"wc-block-grid__product\">\n\t\t\t\t<a href=\"https:\/\/www.tanulikkus.ee\/et\/toode\/tanulikkuse-toovihik-tanulikkuse-kaardid\/\" class=\"wc-block-grid__product-link\">\n\t\t\t\t\t\n\t\t\t\t\t<div class=\"wc-block-grid__product-image\"><img decoding=\"async\" width=\"230\" height=\"350\" src=\"https:\/\/www.tanulikkus.ee\/wp-content\/uploads\/2025\/09\/Tanulikkuse-teekond-230x350.png\" class=\"attachment-woocommerce_thumbnail size-woocommerce_thumbnail\" alt=\"T\u00e4nulikkuse teekond\" srcset=\"https:\/\/www.tanulikkus.ee\/wp-content\/uploads\/2025\/09\/Tanulikkuse-teekond-230x350.png 230w, https:\/\/www.tanulikkus.ee\/wp-content\/uploads\/2025\/09\/Tanulikkuse-teekond-460x700.png 460w\" sizes=\"(max-width: 230px) 100vw, 230px\" \/><\/div>\n\t\t\t\t\t<div class=\"wc-block-grid__product-title\">T\u00e4nulikkuse t\u00f6\u00f6vihik+ T\u00e4nulikkuse kaardid<\/div>\n\t\t\t\t<\/a>\n\t\t\t\t<div class=\"wc-block-grid__product-price price\"><span class=\"woocommerce-Price-amount amount\">39,00&nbsp;<span class=\"woocommerce-Price-currencySymbol\">\u20ac<\/span><\/span><\/div>\n\t\t\t\t\n\t\t\t\t<div class=\"wp-block-button wc-block-grid__product-add-to-cart\"><a href=\"\/et\/wp-json\/wp\/v2\/pages\/25875?add-to-cart=26121\" aria-label=\"Lisa ostukorvi: \u201cT\u00e4nulikkuse t\u00f6\u00f6vihik+ T\u00e4nulikkuse kaardid\u201d\" data-quantity=\"1\" data-product_id=\"26121\" data-product_sku=\"\" data-price=\"39\" rel=\"nofollow\" class=\"wp-block-button__link  add_to_cart_button ajax_add_to_cart\" data-no-translation=\"\" data-trp-gettext=\"\" data-no-translation-aria-label=\"\">Lisa korvi<\/a><\/div>\n\t\t\t<\/li><li class=\"wc-block-grid__product\">\n\t\t\t\t<a href=\"https:\/\/www.tanulikkus.ee\/et\/toode\/tanulikkuse-teekonna-komplekt\/\" class=\"wc-block-grid__product-link\">\n\t\t\t\t\t\n\t\t\t\t\t<div class=\"wc-block-grid__product-image\"><img decoding=\"async\" width=\"230\" height=\"350\" src=\"https:\/\/www.tanulikkus.ee\/wp-content\/uploads\/2025\/09\/Tanulikkuse-teekond-230x350.png\" class=\"attachment-woocommerce_thumbnail size-woocommerce_thumbnail\" alt=\"T\u00e4nulikkuse teekond\" srcset=\"https:\/\/www.tanulikkus.ee\/wp-content\/uploads\/2025\/09\/Tanulikkuse-teekond-230x350.png 230w, https:\/\/www.tanulikkus.ee\/wp-content\/uploads\/2025\/09\/Tanulikkuse-teekond-460x700.png 460w\" sizes=\"(max-width: 230px) 100vw, 230px\" \/><\/div>\n\t\t\t\t\t<div class=\"wc-block-grid__product-title\">T\u00e4nulikkuse Teekonna Komplekt<\/div>\n\t\t\t\t<\/a>\n\t\t\t\t<div class=\"wc-block-grid__product-price price\"><span class=\"woocommerce-Price-amount amount\">68,90&nbsp;<span class=\"woocommerce-Price-currencySymbol\">\u20ac<\/span><\/span><\/div>\n\t\t\t\t\n\t\t\t\t<div class=\"wp-block-button wc-block-grid__product-add-to-cart\"><a href=\"\/et\/wp-json\/wp\/v2\/pages\/25875?add-to-cart=26119\" aria-label=\"Lisa ostukorvi: \u201cT\u00e4nulikkuse Teekonna Komplekt\u201d\" data-quantity=\"1\" data-product_id=\"26119\" data-product_sku=\"\" data-price=\"68.9\" rel=\"nofollow\" class=\"wp-block-button__link  add_to_cart_button ajax_add_to_cart\" data-no-translation=\"\" data-trp-gettext=\"\" data-no-translation-aria-label=\"\">Lisa korvi<\/a><\/div>\n\t\t\t<\/li><\/ul><\/div><\/div>\n<\/div>","protected":false},"excerpt":{"rendered":"","protected":false},"author":1,"featured_media":0,"parent":0,"menu_order":0,"comment_status":"closed","ping_status":"closed","template":"","meta":{"om_disable_all_campaigns":false,"rop_custom_images_group":[],"rop_custom_messages_group":[],"rop_publish_now":"initial","rop_publish_now_accounts":[],"rop_publish_now_history":[],"rop_publish_now_status":"pending","_monsterinsights_skip_tracking":false,"_monsterinsights_sitenote_active":false,"_monsterinsights_sitenote_note":"","_monsterinsights_sitenote_category":0,"_uf_show_specific_survey":0,"_uf_disable_surveys":false,"_wp_convertkit_post_meta":{"form":"-1","landing_page":"0","tag":"0","restrict_content":"0"},"footnotes":""},"class_list":["post-25875","page","type-page","status-publish","hentry"],"yoast_head":"<!-- This site is optimized with the Yoast SEO plugin v27.5 - https:\/\/yoast.com\/product\/yoast-seo-wordpress\/ -->\n<title>Ostukorv - T\u00e4nulikkus<\/title>\n<meta name=\"robots\" content=\"index, follow, max-snippet:-1, max-image-preview:large, max-video-preview:-1\" \/>\n<link rel=\"canonical\" href=\"https:\/\/tanulikkus.ee\/et\/ostukorv\/\" \/>\n<meta property=\"og:locale\" content=\"et_EE\" \/>\n<meta property=\"og:type\" content=\"article\" \/>\n<meta property=\"og:title\" content=\"Ostukorv - T\u00e4nulikkus\" \/>\n<meta property=\"og:url\" content=\"https:\/\/tanulikkus.ee\/et\/ostukorv\/\" \/>\n<meta property=\"og:site_name\" content=\"T\u00e4nulikkus\" \/>\n<meta property=\"article:modified_time\" content=\"2025-06-22T18:38:12+00:00\" \/>\n<meta name=\"twitter:card\" content=\"summary_large_image\" \/>\n<meta name=\"twitter:label1\" content=\"Est. reading time\" \/>\n\t<meta name=\"twitter:data1\" content=\"1 minut\" \/>\n<script type=\"application\/ld+json\" class=\"yoast-schema-graph\">{\"@context\":\"https:\\\/\\\/schema.org\",\"@graph\":[{\"@type\":\"WebPage\",\"@id\":\"https:\\\/\\\/tanulikkus.ee\\\/et\\\/ostukorv\\\/\",\"url\":\"https:\\\/\\\/tanulikkus.ee\\\/et\\\/ostukorv\\\/\",\"name\":\"Ostukorv - T\u00e4nulikkus\",\"isPartOf\":{\"@id\":\"https:\\\/\\\/tanulikkus.ee\\\/et\\\/#website\"},\"datePublished\":\"2025-05-10T13:55:49+00:00\",\"dateModified\":\"2025-06-22T18:38:12+00:00\",\"breadcrumb\":{\"@id\":\"https:\\\/\\\/tanulikkus.ee\\\/et\\\/ostukorv\\\/#breadcrumb\"},\"inLanguage\":\"et\",\"potentialAction\":[{\"@type\":\"ReadAction\",\"target\":[\"https:\\\/\\\/tanulikkus.ee\\\/et\\\/ostukorv\\\/\"]}]},{\"@type\":\"BreadcrumbList\",\"@id\":\"https:\\\/\\\/tanulikkus.ee\\\/et\\\/ostukorv\\\/#breadcrumb\",\"itemListElement\":[{\"@type\":\"ListItem\",\"position\":1,\"name\":\"Kodu\",\"item\":\"https:\\\/\\\/tanulikkus.ee\\\/et\\\/\"},{\"@type\":\"ListItem\",\"position\":2,\"name\":\"Ostukorv\"}]},{\"@type\":\"WebSite\",\"@id\":\"https:\\\/\\\/tanulikkus.ee\\\/et\\\/#website\",\"url\":\"https:\\\/\\\/tanulikkus.ee\\\/et\\\/\",\"name\":\"T\u00e4nulikkus\",\"description\":\"T\u00e4nulikkus.ee\\\/t\u00e4nulikkusepodcast\",\"potentialAction\":[{\"@type\":\"SearchAction\",\"target\":{\"@type\":\"EntryPoint\",\"urlTemplate\":\"https:\\\/\\\/tanulikkus.ee\\\/et\\\/?s={search_term_string}\"},\"query-input\":{\"@type\":\"PropertyValueSpecification\",\"valueRequired\":true,\"valueName\":\"search_term_string\"}}],\"inLanguage\":\"et\"}]}<\/script>\n<!-- \/ Yoast SEO plugin. -->","yoast_head_json":{"title":"Ostukorv - T\u00e4nulikkus","robots":{"index":"index","follow":"follow","max-snippet":"max-snippet:-1","max-image-preview":"max-image-preview:large","max-video-preview":"max-video-preview:-1"},"canonical":"https:\/\/tanulikkus.ee\/et\/ostukorv\/","og_locale":"et_EE","og_type":"article","og_title":"Ostukorv - T\u00e4nulikkus","og_url":"https:\/\/tanulikkus.ee\/et\/ostukorv\/","og_site_name":"T\u00e4nulikkus","article_modified_time":"2025-06-22T18:38:12+00:00","twitter_card":"summary_large_image","twitter_misc":{"Est. reading time":"1 minut"},"schema":{"@context":"https:\/\/schema.org","@graph":[{"@type":"WebPage","@id":"https:\/\/tanulikkus.ee\/et\/ostukorv\/","url":"https:\/\/tanulikkus.ee\/et\/ostukorv\/","name":"Ostukorv - T\u00e4nulikkus","isPartOf":{"@id":"https:\/\/tanulikkus.ee\/et\/#website"},"datePublished":"2025-05-10T13:55:49+00:00","dateModified":"2025-06-22T18:38:12+00:00","breadcrumb":{"@id":"https:\/\/tanulikkus.ee\/et\/ostukorv\/#breadcrumb"},"inLanguage":"et","potentialAction":[{"@type":"ReadAction","target":["https:\/\/tanulikkus.ee\/et\/ostukorv\/"]}]},{"@type":"BreadcrumbList","@id":"https:\/\/tanulikkus.ee\/et\/ostukorv\/#breadcrumb","itemListElement":[{"@type":"ListItem","position":1,"name":"Kodu","item":"https:\/\/tanulikkus.ee\/et\/"},{"@type":"ListItem","position":2,"name":"Ostukorv"}]},{"@type":"WebSite","@id":"https:\/\/tanulikkus.ee\/et\/#website","url":"https:\/\/tanulikkus.ee\/et\/","name":"T\u00e4nulikkus","description":"T\u00e4nulikkus.ee\/t\u00e4nulikkusepodcast","potentialAction":[{"@type":"SearchAction","target":{"@type":"EntryPoint","urlTemplate":"https:\/\/tanulikkus.ee\/et\/?s={search_term_string}"},"query-input":{"@type":"PropertyValueSpecification","valueRequired":true,"valueName":"search_term_string"}}],"inLanguage":"et"}]}},"_links":{"self":[{"href":"https:\/\/www.tanulikkus.ee\/et\/wp-json\/wp\/v2\/pages\/25875","targetHints":{"allow":["GET"]}}],"collection":[{"href":"https:\/\/www.tanulikkus.ee\/et\/wp-json\/wp\/v2\/pages"}],"about":[{"href":"https:\/\/www.tanulikkus.ee\/et\/wp-json\/wp\/v2\/types\/page"}],"author":[{"embeddable":true,"href":"https:\/\/www.tanulikkus.ee\/et\/wp-json\/wp\/v2\/users\/1"}],"replies":[{"embeddable":true,"href":"https:\/\/www.tanulikkus.ee\/et\/wp-json\/wp\/v2\/comments?post=25875"}],"version-history":[{"count":1,"href":"https:\/\/www.tanulikkus.ee\/et\/wp-json\/wp\/v2\/pages\/25875\/revisions"}],"predecessor-version":[{"id":25945,"href":"https:\/\/www.tanulikkus.ee\/et\/wp-json\/wp\/v2\/pages\/25875\/revisions\/25945"}],"wp:attachment":[{"href":"https:\/\/www.tanulikkus.ee\/et\/wp-json\/wp\/v2\/media?parent=25875"}],"curies":[{"name":"wp","href":"https:\/\/api.w.org\/{rel}","templated":true}]}}