{"id":24724,"date":"2023-08-30T14:49:25","date_gmt":"2023-08-30T14:49:25","guid":{"rendered":"https:\/\/tanulikkus.ee\/?page_id=24724"},"modified":"2025-10-26T12:53:44","modified_gmt":"2025-10-26T09:53:44","slug":"missioon-ja-visioon","status":"publish","type":"page","link":"https:\/\/www.tanulikkus.ee\/et\/missioon-ja-visioon\/","title":{"rendered":"Missioon ja Visioon"},"content":{"rendered":"<div data-elementor-type=\"wp-page\" data-elementor-id=\"24724\" class=\"elementor elementor-24724\">\n\t\t\t\t\t\t<section class=\"elementor-section elementor-top-section elementor-element elementor-element-c7c8b00 elementor-section-boxed elementor-section-height-default elementor-section-height-default\" data-id=\"c7c8b00\" data-element_type=\"section\" data-e-type=\"section\">\n\t\t\t\t\t\t<div class=\"elementor-container elementor-column-gap-default\">\n\t\t\t\t\t<div class=\"elementor-column elementor-col-100 elementor-top-column elementor-element elementor-element-8444bc9\" data-id=\"8444bc9\" data-element_type=\"column\" data-e-type=\"column\">\n\t\t\t<div class=\"elementor-widget-wrap elementor-element-populated\">\n\t\t\t\t\t\t\t<\/div>\n\t\t<\/div>\n\t\t\t\t\t<\/div>\n\t\t<\/section>\n\t\t\t\t<section class=\"elementor-section elementor-top-section elementor-element elementor-element-2a1dc5b elementor-section-boxed elementor-section-height-default elementor-section-height-default\" data-id=\"2a1dc5b\" data-element_type=\"section\" data-e-type=\"section\">\n\t\t\t\t\t\t<div class=\"elementor-container elementor-column-gap-default\">\n\t\t\t\t\t<div class=\"elementor-column elementor-col-100 elementor-top-column elementor-element elementor-element-2edc755\" data-id=\"2edc755\" data-element_type=\"column\" data-e-type=\"column\">\n\t\t\t<div class=\"elementor-widget-wrap elementor-element-populated\">\n\t\t\t\t\t\t<div class=\"elementor-element elementor-element-68046af elementor-widget elementor-widget-text-editor\" data-id=\"68046af\" data-element_type=\"widget\" data-e-type=\"widget\" data-widget_type=\"text-editor.default\">\n\t\t\t\t<div class=\"elementor-widget-container\">\n\t\t\t\t\t\t\t\t\t<p><strong><span style=\"color: #993366;\">Missioon:\u00a0<\/span><\/strong><\/p><p data-start=\"229\" data-end=\"361\">Meie missioon on aidata inimestel n\u00e4ha oma elu objektiivsemas tasakaalus ja toetada neid teekonnal heast tundest <strong data-start=\"342\" data-end=\"360\">p\u00e4ris tegudeni<\/strong>.<\/p><p data-start=\"363\" data-end=\"661\">Usume, et <strong data-start=\"373\" data-end=\"386\">t\u00e4nutunne<\/strong> ei ole soovm\u00f5tlemine ega illusioon, et \u201ck\u00f5ik on h\u00e4sti\u201d. T\u00e4nutunne on aus peegel, mis aitab inimesel m\u00e4rgata nii seda, mis t\u00f6\u00f6tab, aga ka seda, mis vajab muutust. Kui inimene n\u00e4eb tervikpilti objektiivsemalt, siis rahuneb ka ta n\u00e4rvis\u00fcsteem ning tekib v\u00f5imalus ja v\u00f5imekus v\u00f5tta <strong data-start=\"635\" data-end=\"647\">vastutus<\/strong> oma elu eest.<\/p><p data-start=\"663\" data-end=\"778\">Vastutus loob aluse <strong data-start=\"683\" data-end=\"700\">tegutsemisele<\/strong>.<br data-start=\"701\" data-end=\"704\" \/>Ja tegutsemine loob <strong data-start=\"724\" data-end=\"735\">muutusi<\/strong>, mis toovad ellu rohkem rahulolu ja r\u00f5\u00f5mu.<\/p><p data-start=\"780\" data-end=\"894\">Me ei loo ainult positiivset tunnet v\u00f5i illusiooni, et k\u00f5ik on h\u00e4sti. Me aitame inimestel kujundada oma elu selliseks, nagu nad p\u00e4riselt tahavad.<\/p><p data-start=\"896\" data-end=\"1031\"><strong data-start=\"896\" data-end=\"961\">T\u00e4nutunne \u2192 Tasakaal \u2192 Vastutus \u2192 Tegutsemine \u2192 P\u00e4ris tulemus \u2192 Parem elu.\u00a0<\/strong><\/p><p><span style=\"color: #993366;\"><b>Visioon:\u00a0<br \/><\/b><\/span><\/p><p data-start=\"315\" data-end=\"479\">Luua maailm, kus inimesed ei ela automaatre\u017eiimil ega pidevas pingeseisundis. Maailm, kus inimesed oskavad m\u00e4rgata oma elu tervikpilti, v\u00f5tta vastutust oma elu eest ja luua teadlikke muutusi.<\/p><p data-start=\"481\" data-end=\"504\">Soovime \u00fchiskonda, kus:<\/p><p data-start=\"506\" data-end=\"729\">\u2022 t\u00e4nulikkus on osa igap\u00e4evasest vaimsest h\u00fcgieenist.<br data-start=\"558\" data-end=\"561\" \/>\u2022 inimesed teevad valikuid, mis toetavad nende heaolu.<br data-start=\"614\" data-end=\"617\" \/>\u2022 muutused s\u00fcnnivad selgusest, mitte kriisist.<br data-start=\"662\" data-end=\"665\" \/>\u2022 iga inimene n\u00e4eb end oma elu kujundajana, mitte pealtvaatajana.<\/p><p data-start=\"731\" data-end=\"904\">Meie visioon on toetada inimesi,<br data-start=\"765\" data-end=\"768\" \/>kes soovivad tunda end oma elus turvaliselt, enesekindlalt ja vastutustundlikult. Ning soovib luua seel\u00e4bi paremat maailma nii iseendale kui ka teistele.<\/p>\t\t\t\t\t\t\t\t<\/div>\n\t\t\t\t<\/div>\n\t\t\t\t\t<\/div>\n\t\t<\/div>\n\t\t\t\t\t<\/div>\n\t\t<\/section>\n\t\t\t\t<\/div>","protected":false},"excerpt":{"rendered":"<p>Missioon:\u00a0 Meie missioon on aidata inimestel n\u00e4ha oma elu objektiivsemas tasakaalus ja toetada neid teekonnal heast tundest p\u00e4ris tegudeni. Usume, et t\u00e4nutunne ei ole soovm\u00f5tlemine ega illusioon, et \u201ck\u00f5ik on h\u00e4sti\u201d. T\u00e4nutunne on aus peegel, mis aitab inimesel m\u00e4rgata nii seda, mis t\u00f6\u00f6tab, aga ka seda, mis vajab muutust. Kui [&hellip;]<\/p>\n","protected":false},"author":1,"featured_media":0,"parent":0,"menu_order":0,"comment_status":"closed","ping_status":"closed","template":"","meta":{"om_disable_all_campaigns":false,"_monsterinsights_skip_tracking":false,"_monsterinsights_sitenote_active":false,"_monsterinsights_sitenote_note":"","_monsterinsights_sitenote_category":0,"_uf_show_specific_survey":0,"_uf_disable_surveys":false,"footnotes":""},"class_list":["post-24724","page","type-page","status-publish","hentry"],"yoast_head":"<!-- This site is optimized with the Yoast SEO plugin v27.3 - https:\/\/yoast.com\/product\/yoast-seo-wordpress\/ -->\n<title>Missioon ja Visioon - T\u00e4nulikkus<\/title>\n<meta name=\"robots\" content=\"index, follow, max-snippet:-1, max-image-preview:large, max-video-preview:-1\" \/>\n<link rel=\"canonical\" href=\"https:\/\/tanulikkus.ee\/missioon-ja-visioon\/\" \/>\n<meta property=\"og:locale\" content=\"et_EE\" \/>\n<meta property=\"og:type\" content=\"article\" \/>\n<meta property=\"og:title\" content=\"Missioon ja Visioon - T\u00e4nulikkus\" \/>\n<meta property=\"og:description\" content=\"Missioon:\u00a0 Meie missioon on aidata inimestel n\u00e4ha oma elu objektiivsemas tasakaalus ja toetada neid teekonnal heast tundest p\u00e4ris tegudeni. Usume, et t\u00e4nutunne ei ole soovm\u00f5tlemine ega illusioon, et \u201ck\u00f5ik on h\u00e4sti\u201d. T\u00e4nutunne on aus peegel, mis aitab inimesel m\u00e4rgata nii seda, mis t\u00f6\u00f6tab, aga ka seda, mis vajab muutust. Kui [&hellip;]\" \/>\n<meta property=\"og:url\" content=\"https:\/\/tanulikkus.ee\/missioon-ja-visioon\/\" \/>\n<meta property=\"og:site_name\" content=\"T\u00e4nulikkus\" \/>\n<meta property=\"article:modified_time\" content=\"2025-10-26T09:53:44+00:00\" \/>\n<meta name=\"twitter:card\" content=\"summary_large_image\" \/>\n<meta name=\"twitter:label1\" content=\"Est. reading time\" \/>\n\t<meta name=\"twitter:data1\" content=\"2 minutit\" \/>\n<script type=\"application\/ld+json\" class=\"yoast-schema-graph\">{\"@context\":\"https:\\\/\\\/schema.org\",\"@graph\":[{\"@type\":\"WebPage\",\"@id\":\"https:\\\/\\\/tanulikkus.ee\\\/missioon-ja-visioon\\\/\",\"url\":\"https:\\\/\\\/tanulikkus.ee\\\/missioon-ja-visioon\\\/\",\"name\":\"Missioon ja Visioon - T\u00e4nulikkus\",\"isPartOf\":{\"@id\":\"https:\\\/\\\/tanulikkus.ee\\\/#website\"},\"datePublished\":\"2023-08-30T14:49:25+00:00\",\"dateModified\":\"2025-10-26T09:53:44+00:00\",\"breadcrumb\":{\"@id\":\"https:\\\/\\\/tanulikkus.ee\\\/missioon-ja-visioon\\\/#breadcrumb\"},\"inLanguage\":\"et\",\"potentialAction\":[{\"@type\":\"ReadAction\",\"target\":[\"https:\\\/\\\/tanulikkus.ee\\\/missioon-ja-visioon\\\/\"]}]},{\"@type\":\"BreadcrumbList\",\"@id\":\"https:\\\/\\\/tanulikkus.ee\\\/missioon-ja-visioon\\\/#breadcrumb\",\"itemListElement\":[{\"@type\":\"ListItem\",\"position\":1,\"name\":\"Kodu\",\"item\":\"https:\\\/\\\/tanulikkus.ee\\\/\"},{\"@type\":\"ListItem\",\"position\":2,\"name\":\"Missioon ja Visioon\"}]},{\"@type\":\"WebSite\",\"@id\":\"https:\\\/\\\/tanulikkus.ee\\\/#website\",\"url\":\"https:\\\/\\\/tanulikkus.ee\\\/\",\"name\":\"T\u00e4nulikkus\",\"description\":\"T\u00e4nulikkus.ee\\\/t\u00e4nulikkusepodcast\",\"potentialAction\":[{\"@type\":\"SearchAction\",\"target\":{\"@type\":\"EntryPoint\",\"urlTemplate\":\"https:\\\/\\\/tanulikkus.ee\\\/?s={search_term_string}\"},\"query-input\":{\"@type\":\"PropertyValueSpecification\",\"valueRequired\":true,\"valueName\":\"search_term_string\"}}],\"inLanguage\":\"et\"}]}<\/script>\n<!-- \/ Yoast SEO plugin. -->","yoast_head_json":{"title":"Missioon ja Visioon - T\u00e4nulikkus","robots":{"index":"index","follow":"follow","max-snippet":"max-snippet:-1","max-image-preview":"max-image-preview:large","max-video-preview":"max-video-preview:-1"},"canonical":"https:\/\/tanulikkus.ee\/missioon-ja-visioon\/","og_locale":"et_EE","og_type":"article","og_title":"Missioon ja Visioon - T\u00e4nulikkus","og_description":"Missioon:\u00a0 Meie missioon on aidata inimestel n\u00e4ha oma elu objektiivsemas tasakaalus ja toetada neid teekonnal heast tundest p\u00e4ris tegudeni. Usume, et t\u00e4nutunne ei ole soovm\u00f5tlemine ega illusioon, et \u201ck\u00f5ik on h\u00e4sti\u201d. T\u00e4nutunne on aus peegel, mis aitab inimesel m\u00e4rgata nii seda, mis t\u00f6\u00f6tab, aga ka seda, mis vajab muutust. Kui [&hellip;]","og_url":"https:\/\/tanulikkus.ee\/missioon-ja-visioon\/","og_site_name":"T\u00e4nulikkus","article_modified_time":"2025-10-26T09:53:44+00:00","twitter_card":"summary_large_image","twitter_misc":{"Est. reading time":"2 minutit"},"schema":{"@context":"https:\/\/schema.org","@graph":[{"@type":"WebPage","@id":"https:\/\/tanulikkus.ee\/missioon-ja-visioon\/","url":"https:\/\/tanulikkus.ee\/missioon-ja-visioon\/","name":"Missioon ja Visioon - T\u00e4nulikkus","isPartOf":{"@id":"https:\/\/tanulikkus.ee\/#website"},"datePublished":"2023-08-30T14:49:25+00:00","dateModified":"2025-10-26T09:53:44+00:00","breadcrumb":{"@id":"https:\/\/tanulikkus.ee\/missioon-ja-visioon\/#breadcrumb"},"inLanguage":"et","potentialAction":[{"@type":"ReadAction","target":["https:\/\/tanulikkus.ee\/missioon-ja-visioon\/"]}]},{"@type":"BreadcrumbList","@id":"https:\/\/tanulikkus.ee\/missioon-ja-visioon\/#breadcrumb","itemListElement":[{"@type":"ListItem","position":1,"name":"Kodu","item":"https:\/\/tanulikkus.ee\/"},{"@type":"ListItem","position":2,"name":"Missioon ja Visioon"}]},{"@type":"WebSite","@id":"https:\/\/tanulikkus.ee\/#website","url":"https:\/\/tanulikkus.ee\/","name":"T\u00e4nulikkus","description":"T\u00e4nulikkus.ee\/t\u00e4nulikkusepodcast","potentialAction":[{"@type":"SearchAction","target":{"@type":"EntryPoint","urlTemplate":"https:\/\/tanulikkus.ee\/?s={search_term_string}"},"query-input":{"@type":"PropertyValueSpecification","valueRequired":true,"valueName":"search_term_string"}}],"inLanguage":"et"}]}},"_links":{"self":[{"href":"https:\/\/www.tanulikkus.ee\/et\/wp-json\/wp\/v2\/pages\/24724","targetHints":{"allow":["GET"]}}],"collection":[{"href":"https:\/\/www.tanulikkus.ee\/et\/wp-json\/wp\/v2\/pages"}],"about":[{"href":"https:\/\/www.tanulikkus.ee\/et\/wp-json\/wp\/v2\/types\/page"}],"author":[{"embeddable":true,"href":"https:\/\/www.tanulikkus.ee\/et\/wp-json\/wp\/v2\/users\/1"}],"replies":[{"embeddable":true,"href":"https:\/\/www.tanulikkus.ee\/et\/wp-json\/wp\/v2\/comments?post=24724"}],"version-history":[{"count":5,"href":"https:\/\/www.tanulikkus.ee\/et\/wp-json\/wp\/v2\/pages\/24724\/revisions"}],"predecessor-version":[{"id":26190,"href":"https:\/\/www.tanulikkus.ee\/et\/wp-json\/wp\/v2\/pages\/24724\/revisions\/26190"}],"wp:attachment":[{"href":"https:\/\/www.tanulikkus.ee\/et\/wp-json\/wp\/v2\/media?parent=24724"}],"curies":[{"name":"wp","href":"https:\/\/api.w.org\/{rel}","templated":true}]}}